{"id":14743,"date":"2025-10-21T07:19:01","date_gmt":"2025-10-21T05:19:01","guid":{"rendered":"https:\/\/nextage.ai\/?page_id=14743"},"modified":"2025-12-17T21:23:05","modified_gmt":"2025-12-17T20:23:05","slug":"webinar-marketing-ia-video","status":"publish","type":"page","link":"https:\/\/nextage.ai\/en_en\/webinaire-marketing-ia-video\/","title":{"rendered":"Webinar Marketing IA Video"},"content":{"rendered":"\t\t<div data-elementor-type=\"wp-page\" data-elementor-id=\"14743\" class=\"elementor elementor-14743\" data-elementor-post-type=\"page\">\n\t\t\t\t<div class=\"elementor-element elementor-element-57ba152 e-con-full e-flex e-con e-parent\" data-id=\"57ba152\" data-element_type=\"container\" data-e-type=\"container\" data-settings=\"{&quot;jet_parallax_layout_list&quot;:[]}\">\n\t\t<div class=\"elementor-element elementor-element-e30c5b0 e-con-full e-flex e-con e-child\" data-id=\"e30c5b0\" data-element_type=\"container\" data-e-type=\"container\" data-settings=\"{&quot;jet_parallax_layout_list&quot;:[]}\">\n\t\t<div class=\"elementor-element elementor-element-3e5f01b e-flex e-con-boxed e-con e-child\" data-id=\"3e5f01b\" data-element_type=\"container\" data-e-type=\"container\" data-settings=\"{&quot;jet_parallax_layout_list&quot;:[]}\">\n\t\t\t\t\t<div class=\"e-con-inner\">\n\t\t\t\t<div class=\"elementor-element elementor-element-413be8e lqd-text-tag-h1 elementor-widget__width-initial elementor-widget elementor-widget-lqd-text\" data-id=\"413be8e\" data-element_type=\"widget\" data-e-type=\"widget\" data-widget_type=\"lqd-text.default\">\n\t\t\t\t<div class=\"elementor-widget-container\">\n\t\t\t\t\t<h1 class=\"lqd-text-el m-0 p-0\"><span class=\"lqd-text-item relative elementor-repeater-item-a379e96 block\">Marketing sous IA<\/span><\/h1>\t\t\t\t<\/div>\n\t\t\t\t<\/div>\n\t\t\t\t<div class=\"elementor-element elementor-element-311c4e9 elementor-widget__width-initial messageSuccess lqd-text-tag-h2 elementor-widget elementor-widget-lqd-text\" data-id=\"311c4e9\" data-element_type=\"widget\" data-e-type=\"widget\" data-widget_type=\"lqd-text.default\">\n\t\t\t\t<div class=\"elementor-widget-container\">\n\t\t\t\t\t<h2 class=\"lqd-text-el m-0 p-0\"><span class=\"lqd-text-item relative elementor-repeater-item-a379e96 block\">Bienvenue \u00e0 bord ! Votre acc\u00e8s au webinaire est d\u00e9bloqu\u00e9\n<\/span><\/h2>\t\t\t\t<\/div>\n\t\t\t\t<\/div>\n\t\t\t\t\t<\/div>\n\t\t\t\t<\/div>\n\t\t\t\t<\/div>\n\t\t\t\t<\/div>\n\t\t<div class=\"elementor-element elementor-element-886860d e-flex e-con-boxed e-con e-parent\" data-id=\"886860d\" data-element_type=\"container\" data-e-type=\"container\" data-settings=\"{&quot;jet_parallax_layout_list&quot;:[],&quot;shape_divider_top&quot;:&quot;curve&quot;}\">\n\t\t\t\t\t<div class=\"e-con-inner\">\n\t\t\t\t<div class=\"elementor-shape elementor-shape-top\" aria-hidden=\"true\" data-negative=\"false\">\n\t\t\t<svg xmlns=\"http:\/\/www.w3.org\/2000\/svg\" viewBox=\"0 0 1000 100\" preserveAspectRatio=\"none\">\n    <path class=\"elementor-shape-fill\" d=\"M1000,4.3V0H0v4.3C0.9,23.1,126.7,99.2,500,100S1000,22.7,1000,4.3z\"\/>\n<\/svg>\t\t<\/div>\n\t\t<div class=\"elementor-element elementor-element-86d3019 e-con-full e-flex e-con e-child\" data-id=\"86d3019\" data-element_type=\"container\" data-e-type=\"container\" data-settings=\"{&quot;jet_parallax_layout_list&quot;:[]}\">\n\t\t\t\t<div class=\"elementor-element elementor-element-e245a2d myVideo elementor-widget elementor-widget-video\" data-id=\"e245a2d\" data-element_type=\"widget\" data-e-type=\"widget\" data-settings=\"{&quot;video_type&quot;:&quot;hosted&quot;,&quot;controls&quot;:&quot;yes&quot;}\" data-widget_type=\"video.default\">\n\t\t\t\t<div class=\"elementor-widget-container\">\n\t\t\t\t\t\t\t<div class=\"e-hosted-video elementor-wrapper elementor-open-inline\">\n\t\t\t\t\t<video class=\"elementor-video\" src=\"https:\/\/Nextage.ai\/wp-content\/uploads\/2025\/10\/Nextage-webinaire-intro-marketing-ia.mp4\" controls=\"\" preload=\"metadata\" controlsList=\"nodownload\" poster=\"https:\/\/numos.cloud\/nextage-ai\/2025\/10\/Nextage-Webinaire-Marketing-sous-IA2.jpg\"><\/video>\n\t\t\t\t<\/div>\n\t\t\t\t\t\t<\/div>\n\t\t\t\t<\/div>\n\t\t\t\t<div class=\"elementor-element elementor-element-9042260 elementor-widget elementor-widget-html\" data-id=\"9042260\" data-element_type=\"widget\" data-e-type=\"widget\" data-widget_type=\"html.default\">\n\t\t\t\t<div class=\"elementor-widget-container\">\n\t\t\t\t\t<script>\njQuery(document).ready(function($){\n    \/\/ Cherche la cl\u00e9 cr\u00e9\u00e9e sur la page d'inscription\n    const webinarId = 'marketing_ia';\n    const formKey = `formSubmit_${webinarId}`;\n    const formSubmit = localStorage.getItem(formKey);\n    \n    console.log('Page vid\u00e9o - Looking for:', formKey);\n    console.log('Page vid\u00e9o - Found:', formSubmit);\n    \n    if(formSubmit){\n        console.log('Access granted - showing video');\n        $('.myVideo').show();\n        $('.messageSuccess').show();\n        $('.form-message').hide();\n    } else {\n        console.log('Access denied - showing form');\n        $('.myVideo').hide();\n        $('.messageSuccess').hide();\n        $('.form-message').show();\n    }\n});\n<\/script>\t\t\t\t<\/div>\n\t\t\t\t<\/div>\n\t\t\t\t<div class=\"elementor-element elementor-element-bd0996c form-message elementor-widget elementor-widget-text-editor\" data-id=\"bd0996c\" data-element_type=\"widget\" data-e-type=\"widget\" data-widget_type=\"text-editor.default\">\n\t\t\t\t<div class=\"elementor-widget-container\">\n\t\t\t\t\t\t\t\t\t<h4 style=\"color: #f04d4c; ;margin-top: 20px;\"><br \/>\u23f0 Votre acc\u00e8s au webinaire a expir\u00e9..<\/h4><p style=\"color: #f04d4c; font-size: 16px; font-weight: 500; margin-top: 20px;\">Le webinaire reste accessible : il vous suffit simplement de <a style=\"color: #f04d4c; font-weight: 600; text-decoration: none;\" href=\"https:\/\/Nextage.ai\/webinaire-marketing-ia\/\" rel=\"noopener\">vous r\u00e9inscrire ici<\/a> pour le d\u00e9bloquer \u00e0 nouveau.<\/p>\t\t\t\t\t\t\t\t<\/div>\n\t\t\t\t<\/div>\n\t\t\t\t<\/div>\n\t\t\t\t\t<\/div>\n\t\t\t\t<\/div>\n\t\t<div class=\"elementor-element elementor-element-4e1f2e9 e-flex e-con-boxed e-con e-parent\" data-id=\"4e1f2e9\" data-element_type=\"container\" data-e-type=\"container\" data-settings=\"{&quot;jet_parallax_layout_list&quot;:[]}\">\n\t\t\t\t\t<div class=\"e-con-inner\">\n\t\t\t\t<div class=\"elementor-element elementor-element-0430407 elementor-position-left elementor-vertical-align-top elementor-widget elementor-widget-image-box\" data-id=\"0430407\" data-element_type=\"widget\" data-e-type=\"widget\" data-widget_type=\"image-box.default\">\n\t\t\t\t<div class=\"elementor-widget-container\">\n\t\t\t\t\t<div class=\"elementor-image-box-wrapper\"><figure class=\"elementor-image-box-img\"><img decoding=\"async\" width=\"200\" height=\"200\" src=\"https:\/\/numos.cloud\/nextage-ai\/2025\/10\/Nextage-JMSegati-Profil.png\" class=\"attachment-full size-full wp-image-14652\" alt=\"\" srcset=\"https:\/\/numos.cloud\/nextage-ai\/2025\/10\/Nextage-JMSegati-Profil.png 200w, https:\/\/numos.cloud\/nextage-ai\/2025\/10\/Nextage-JMSegati-Profil-150x150.png 150w, https:\/\/numos.cloud\/nextage-ai\/2025\/10\/Nextage-JMSegati-Profil-12x12.png 12w\" sizes=\"(max-width: 200px) 100vw, 200px\" \/><\/figure><div class=\"elementor-image-box-content\"><h5 class=\"elementor-image-box-title\">Jean-Marc Segati<\/h5><p class=\"elementor-image-box-description\">Publicitaire et co-fondateur de Nextage.ai, Jean-Marc Segati est l\u2019auteur de plusieurs ouvrages sur le marketing. Il accompagne depuis plus de 20 ans les marques dans leur transformation num\u00e9rique et l\u2019int\u00e9gration de l\u2019IA.<\/p><\/div><\/div>\t\t\t\t<\/div>\n\t\t\t\t<\/div>\n\t\t\t\t\t<\/div>\n\t\t\t\t<\/div>\n\t\t<div class=\"elementor-element elementor-element-d77e873 e-flex e-con-boxed e-con e-parent\" data-id=\"d77e873\" data-element_type=\"container\" data-e-type=\"container\" data-settings=\"{&quot;shape_divider_top&quot;:&quot;curve&quot;,&quot;jet_parallax_layout_list&quot;:[]}\">\n\t\t\t\t\t<div class=\"e-con-inner\">\n\t\t\t\t<div class=\"elementor-shape elementor-shape-top\" aria-hidden=\"true\" data-negative=\"false\">\n\t\t\t<svg xmlns=\"http:\/\/www.w3.org\/2000\/svg\" viewBox=\"0 0 1000 100\" preserveAspectRatio=\"none\">\n    <path class=\"elementor-shape-fill\" d=\"M1000,4.3V0H0v4.3C0.9,23.1,126.7,99.2,500,100S1000,22.7,1000,4.3z\"\/>\n<\/svg>\t\t<\/div>\n\t\t\t\t<div class=\"elementor-element elementor-element-e287951 elementor-widget__width-inherit elementor-absolute elementor-widget elementor-widget-lqd-marquee\" data-id=\"e287951\" data-element_type=\"widget\" data-e-type=\"widget\" data-settings=\"{&quot;_position&quot;:&quot;absolute&quot;}\" data-widget_type=\"lqd-marquee.default\">\n\t\t\t\t<div class=\"elementor-widget-container\">\n\t\t\t\t\t\n        <div class=\"lqd-marquee-viewport relative overflow-hidden\">\n            <div class=\"lqd-marquee-slider flex relative\">\n\t\t<div class=\"lqd-marquee-cell shrink-0 grow-0 basis-auto relative elementor-repeater-item-6c90465\"><p>Nextage.ai<\/p><\/div>\n\n\t\t\n\t\t<div class=\"lqd-marquee-cell shrink-0 grow-0 basis-auto relative elementor-repeater-item-e443f21\"><p>Nextage.ai<\/p><\/div>\n\n\t\t\n\t\t<div class=\"lqd-marquee-cell shrink-0 grow-0 basis-auto relative elementor-repeater-item-ad0f3fc\"><p>Nextage.ai<\/p><\/div>\n\n\t\t<\/div>\n        <\/div>\n\n        \t\t\t\t<\/div>\n\t\t\t\t<\/div>\n\t\t<script>\n\t\twindow.liquid.behaviors.push( {\n\t\t\tdataId: \"e287951\",\n\t\t\tbehaviors:[\n\t\t\t\t{behaviorName:'liquidMarquee',options:{interactWithScroll:false,speed:-0.5}},\n\t\t\t]\n\t\t} );\n\t\t\n\t\t<\/script>\t\t<div class=\"elementor-element elementor-element-cd53e07 lqd-text-tag-h2 elementor-widget elementor-widget-lqd-text\" data-id=\"cd53e07\" data-element_type=\"widget\" data-e-type=\"widget\" data-widget_type=\"lqd-text.default\">\n\t\t\t\t<div class=\"elementor-widget-container\">\n\t\t\t\t\t<h2 class=\"lqd-text-el m-0 p-0\"><span class=\"lqd-text-item relative elementor-repeater-item-da2a8b4 block\">Besoin d'une agence cr\u00e9ative ? <\/span><span class=\"lqd-text-item relative elementor-repeater-item-c3927b7 block\">Parlons-en. <\/span><\/h2>\t\t\t\t<\/div>\n\t\t\t\t<\/div>\n\t\t\t\t<div class=\"elementor-element elementor-element-61282ca lqd-text-tag-p elementor-widget elementor-widget-lqd-text\" data-id=\"61282ca\" data-element_type=\"widget\" data-e-type=\"widget\" data-widget_type=\"lqd-text.default\" data-lqd-has-inner-animatables=\"true\">\n\t\t\t\t<div class=\"elementor-widget-container\">\n\t\t\t\t\t<p class=\"lqd-text-el m-0 p-0\" data-lqd-split-text-el=\"1\" data-lqd-split-type=\"words\"><span class=\"lqd-text-item relative elementor-repeater-item-8928fbb\"><span class=\"lqd-split-text-words inline-flex bg-inherit relative\" data-lqd-inner-animatable-el>Avec<\/span>&nbsp;<span class=\"lqd-split-text-words inline-flex bg-inherit relative\" data-lqd-inner-animatable-el>Nextage.ai<\/span>&nbsp;<span class=\"lqd-split-text-words inline-flex bg-inherit relative\" data-lqd-inner-animatable-el>\u00e0<\/span>&nbsp;<span class=\"lqd-split-text-words inline-flex bg-inherit relative\" data-lqd-inner-animatable-el>vos<\/span>&nbsp;<span class=\"lqd-split-text-words inline-flex bg-inherit relative\" data-lqd-inner-animatable-el>c\u00f4t\u00e9s,<\/span>&nbsp;<span class=\"lqd-split-text-words inline-flex bg-inherit relative\" data-lqd-inner-animatable-el><strong>r\u00e9alisez<\/span>&nbsp;<span class=\"lqd-split-text-words inline-flex bg-inherit relative\" data-lqd-inner-animatable-el>votre<\/span>&nbsp;<span class=\"lqd-split-text-words inline-flex bg-inherit relative\" data-lqd-inner-animatable-el>vision<\/span>&nbsp;<span class=\"lqd-split-text-words inline-flex bg-inherit relative\" data-lqd-inner-animatable-el>publicitaire,<\/strong><\/span>&nbsp;<span class=\"lqd-split-text-words inline-flex bg-inherit relative\" data-lqd-inner-animatable-el>\u00e9levez<\/span>&nbsp;<span class=\"lqd-split-text-words inline-flex bg-inherit relative\" data-lqd-inner-animatable-el>votre<\/span>&nbsp;<span class=\"lqd-split-text-words inline-flex bg-inherit relative\" data-lqd-inner-animatable-el>marque<\/span>&nbsp;<span class=\"lqd-split-text-words inline-flex bg-inherit relative\" data-lqd-inner-animatable-el>et<\/span>&nbsp;<span class=\"lqd-split-text-words inline-flex bg-inherit relative\" data-lqd-inner-animatable-el>augmentez<\/span>&nbsp;<span class=\"lqd-split-text-words inline-flex bg-inherit relative\" data-lqd-inner-animatable-el>vos<\/span>&nbsp;<span class=\"lqd-split-text-words inline-flex bg-inherit relative\" data-lqd-inner-animatable-el>conversions.<\/span>&nbsp;<span class=\"lqd-split-text-words inline-flex bg-inherit relative\" data-lqd-inner-animatable-el>\n\nC'est<\/span>&nbsp;<span class=\"lqd-split-text-words inline-flex bg-inherit relative\" data-lqd-inner-animatable-el>une<\/span>&nbsp;<span class=\"lqd-split-text-words inline-flex bg-inherit relative\" data-lqd-inner-animatable-el>\u00e8re<\/span>&nbsp;<span class=\"lqd-split-text-words inline-flex bg-inherit relative\" data-lqd-inner-animatable-el>nouvelle<\/span>&nbsp;<span class=\"lqd-split-text-words inline-flex bg-inherit relative\" data-lqd-inner-animatable-el>qui<\/span>&nbsp;<span class=\"lqd-split-text-words inline-flex bg-inherit relative\" data-lqd-inner-animatable-el>s'ouvre<\/span>&nbsp;<span class=\"lqd-split-text-words inline-flex bg-inherit relative\" data-lqd-inner-animatable-el>devant<\/span>&nbsp;<span class=\"lqd-split-text-words inline-flex bg-inherit relative\" data-lqd-inner-animatable-el>nous,<\/span>&nbsp;<span class=\"lqd-split-text-words inline-flex bg-inherit relative\" data-lqd-inner-animatable-el>riche<\/span>&nbsp;<span class=\"lqd-split-text-words inline-flex bg-inherit relative\" data-lqd-inner-animatable-el>de<\/span>&nbsp;<span class=\"lqd-split-text-words inline-flex bg-inherit relative\" data-lqd-inner-animatable-el>promesses<\/span>&nbsp;<span class=\"lqd-split-text-words inline-flex bg-inherit relative\" data-lqd-inner-animatable-el>et<\/span>&nbsp;<span class=\"lqd-split-text-words inline-flex bg-inherit relative\" data-lqd-inner-animatable-el>d'opportunit\u00e9s.<\/span>&nbsp;<span class=\"lqd-split-text-words inline-flex bg-inherit relative\" data-lqd-inner-animatable-el>Embarquez<\/span>&nbsp;<span class=\"lqd-split-text-words inline-flex bg-inherit relative\" data-lqd-inner-animatable-el>avec<\/span>&nbsp;<span class=\"lqd-split-text-words inline-flex bg-inherit relative\" data-lqd-inner-animatable-el>nous<\/span>&nbsp;<span class=\"lqd-split-text-words inline-flex bg-inherit relative\" data-lqd-inner-animatable-el>dans<\/span>&nbsp;<span class=\"lqd-split-text-words inline-flex bg-inherit relative\" data-lqd-inner-animatable-el>cette<\/span>&nbsp;<span class=\"lqd-split-text-words inline-flex bg-inherit relative\" data-lqd-inner-animatable-el>odyss\u00e9e<\/span>&nbsp;<span class=\"lqd-split-text-words inline-flex bg-inherit relative\" data-lqd-inner-animatable-el>cr\u00e9ative<\/span>&nbsp;<span class=\"lqd-split-text-words inline-flex bg-inherit relative\" data-lqd-inner-animatable-el>et<\/span>&nbsp;<span class=\"lqd-split-text-words inline-flex bg-inherit relative\" data-lqd-inner-animatable-el>faisons<\/span>&nbsp;<span class=\"lqd-split-text-words inline-flex bg-inherit relative\" data-lqd-inner-animatable-el>ensemble<\/span>&nbsp;<span class=\"lqd-split-text-words inline-flex bg-inherit relative\" data-lqd-inner-animatable-el>de<\/span>&nbsp;<span class=\"lqd-split-text-words inline-flex bg-inherit relative\" data-lqd-inner-animatable-el>l'extraordinaire<\/span>&nbsp;<span class=\"lqd-split-text-words inline-flex bg-inherit relative\" data-lqd-inner-animatable-el>une<\/span>&nbsp;<span class=\"lqd-split-text-words inline-flex bg-inherit relative\" data-lqd-inner-animatable-el>r\u00e9alit\u00e9<\/span>&nbsp;<span class=\"lqd-split-text-words inline-flex bg-inherit relative\" data-lqd-inner-animatable-el>quotidienne.<\/span><\/span><\/p>\t\t\t\t<\/div>\n\t\t\t\t<\/div>\n\t\t<script>\n\t\twindow.liquid.behaviors.push( {\n\t\t\tdataId: \"61282ca\",\n\t\t\tbehaviors:[\n\t\t\t\t{behaviorName:'liquidSplitText',options:{splitDoneFromBackend:true,splitType:'words'}},\n\t\t\t]\n\t\t} );\n\t\t\n\t\t<\/script>\t\t<div class=\"elementor-element elementor-element-581d59e elementor-widget elementor-widget-lqd-button\" data-id=\"581d59e\" data-element_type=\"widget\" data-e-type=\"widget\" data-widget_type=\"lqd-button.default\">\n\t\t\t\t<div class=\"elementor-widget-container\">\n\t\t\t\t\t\n\t\t<a href=\"https:\/\/Nextage.ai\/contactez-nous\/\" role=\"button\" class=\"lqd-btn inline-flex items-center relative lqd-group lqd-group-btn\" data-lqd-local-scroll-el=\"\"><span class=\"lqd-btn-txt relative z-1\">Parlons-en<\/span><\/a>\n\n\t\t\t\t\t\t<\/div>\n\t\t\t\t<\/div>\n\t\t\t\t\t<\/div>\n\t\t\t\t<\/div>\n\t\t\t\t<\/div>\n\t\t","protected":false},"excerpt":{"rendered":"<p>Marketing sous IA Bienvenue \u00e0 bord ! Votre acc\u00e8s au webinaire est d\u00e9bloqu\u00e9 https:\/\/nextage.ai\/wp-content\/uploads\/2025\/10\/Nextage-webinaire-intro-marketing-ia.mp4 \u23f0 Votre acc\u00e8s au webinaire a expir\u00e9.. Le webinaire reste accessible : il vous suffit simplement de vous r\u00e9inscrire ici pour le d\u00e9bloquer \u00e0 nouveau. Jean-Marc Segati Publicitaire et co-fondateur de nextage.ai, Jean-Marc Segati est l\u2019auteur de plusieurs ouvrages sur le [&hellip;]<\/p>\n","protected":false},"author":1,"featured_media":0,"parent":0,"menu_order":0,"comment_status":"closed","ping_status":"closed","template":"","meta":{"_acf_changed":false,"footnotes":""},"class_list":["post-14743","page","type-page","status-publish","hentry"],"acf":[],"_links":{"self":[{"href":"https:\/\/nextage.ai\/en_en\/wp-json\/wp\/v2\/pages\/14743","targetHints":{"allow":["GET"]}}],"collection":[{"href":"https:\/\/nextage.ai\/en_en\/wp-json\/wp\/v2\/pages"}],"about":[{"href":"https:\/\/nextage.ai\/en_en\/wp-json\/wp\/v2\/types\/page"}],"author":[{"embeddable":true,"href":"https:\/\/nextage.ai\/en_en\/wp-json\/wp\/v2\/users\/1"}],"replies":[{"embeddable":true,"href":"https:\/\/nextage.ai\/en_en\/wp-json\/wp\/v2\/comments?post=14743"}],"version-history":[{"count":60,"href":"https:\/\/nextage.ai\/en_en\/wp-json\/wp\/v2\/pages\/14743\/revisions"}],"predecessor-version":[{"id":16634,"href":"https:\/\/nextage.ai\/en_en\/wp-json\/wp\/v2\/pages\/14743\/revisions\/16634"}],"wp:attachment":[{"href":"https:\/\/nextage.ai\/en_en\/wp-json\/wp\/v2\/media?parent=14743"}],"curies":[{"name":"wp","href":"https:\/\/api.w.org\/{rel}","templated":true}]}}