{"id":17477,"date":"2026-04-04T19:22:38","date_gmt":"2026-04-04T17:22:38","guid":{"rendered":"https:\/\/nextage.ai\/?page_id=17477"},"modified":"2026-04-07T14:24:07","modified_gmt":"2026-04-07T12:24:07","slug":"ai-video-brief-library-access","status":"publish","type":"page","link":"https:\/\/nextage.ai\/en_en\/bibliotheque-briefs-video-ia-acces\/","title":{"rendered":"Acc\u00e8s : AI Video Brief Library"},"content":{"rendered":"\t\t<div data-elementor-type=\"wp-page\" data-elementor-id=\"17477\" class=\"elementor elementor-17477\" data-elementor-post-type=\"page\">\n\t\t\t\t<div class=\"elementor-element elementor-element-57ba152 e-con-full e-flex e-con e-parent\" data-id=\"57ba152\" data-element_type=\"container\" data-e-type=\"container\" data-settings=\"{&quot;jet_parallax_layout_list&quot;:[]}\">\n\t\t<div class=\"elementor-element elementor-element-e30c5b0 e-con-full e-flex e-con e-child\" data-id=\"e30c5b0\" data-element_type=\"container\" data-e-type=\"container\" data-settings=\"{&quot;jet_parallax_layout_list&quot;:[]}\">\n\t\t<div class=\"elementor-element elementor-element-3e5f01b e-flex e-con-boxed e-con e-child\" data-id=\"3e5f01b\" data-element_type=\"container\" data-e-type=\"container\" data-settings=\"{&quot;jet_parallax_layout_list&quot;:[]}\">\n\t\t\t\t\t<div class=\"e-con-inner\">\n\t\t\t\t<div class=\"elementor-element elementor-element-8b08f56 lqd-text-tag-h1 elementor-widget__width-initial elementor-widget elementor-widget-lqd-text\" data-id=\"8b08f56\" data-element_type=\"widget\" data-e-type=\"widget\" data-widget_type=\"lqd-text.default\">\n\t\t\t\t<div class=\"elementor-widget-container\">\n\t\t\t\t\t<h1 class=\"lqd-text-el m-0 p-0\"><span class=\"lqd-text-item relative elementor-repeater-item-a379e96 block\">Briefs Vid\u00e9o IA<\/span><span class=\"lqd-text-item relative elementor-repeater-item-e8c042e block\">11 Templates Gratuits<\/span><\/h1>\t\t\t\t<\/div>\n\t\t\t\t<\/div>\n\t\t\t\t<div class=\"elementor-element elementor-element-311c4e9 elementor-widget__width-initial messageSuccess lqd-text-tag-h2 elementor-widget elementor-widget-lqd-text\" data-id=\"311c4e9\" data-element_type=\"widget\" data-e-type=\"widget\" data-widget_type=\"lqd-text.default\">\n\t\t\t\t<div class=\"elementor-widget-container\">\n\t\t\t\t\t<h2 class=\"lqd-text-el m-0 p-0\"><span class=\"lqd-text-item relative elementor-repeater-item-a379e96 block\">Bienvenue \u00e0 bord ! Votre acc\u00e8s \u00e0 la biblioth\u00e8que est d\u00e9bloqu\u00e9\n<\/span><\/h2>\t\t\t\t<\/div>\n\t\t\t\t<\/div>\n\t\t\t\t<div class=\"elementor-element elementor-element-4e5eafd download-btn-fr elementor-widget elementor-widget-lqd-button\" data-id=\"4e5eafd\" data-element_type=\"widget\" data-e-type=\"widget\" data-no-translation=\"\" data-widget_type=\"lqd-button.default\">\n\t\t\t\t<div class=\"elementor-widget-container\">\n\t\t\t\t\t<style>.elementor-element-4e5eafd{display:none !important}<\/style>\t\t\t\t<\/div>\n\t\t\t\t<\/div>\n\t\t\t\t<div class=\"elementor-element elementor-element-15ccd71 download-btn-en elementor-widget elementor-widget-lqd-button\" data-id=\"15ccd71\" data-element_type=\"widget\" data-e-type=\"widget\" data-no-translation=\"\" data-widget_type=\"lqd-button.default\">\n\t\t\t\t<div class=\"elementor-widget-container\">\n\t\t\t\t\t\n\t\t<a href=\"https:\/\/numos.cloud\/nextage-ai\/2026\/04\/NextageAI-Video-AI-brief-library.pdf\" target=\"_blank\" role=\"button\" class=\"lqd-btn inline-flex items-center relative lqd-group lqd-group-btn\" data-lqd-local-scroll-el=\"\"><span class=\"lqd-btn-txt relative z-1\">Get free brief library<\/span><\/a>\n\n\t\t\t\t\t\t<\/div>\n\t\t\t\t<\/div>\n\t\t\t\t\t<\/div>\n\t\t\t\t<\/div>\n\t\t\t\t<\/div>\n\t\t\t\t<\/div>\n\t\t<div class=\"elementor-element elementor-element-886860d e-flex e-con-boxed e-con e-parent\" data-id=\"886860d\" data-element_type=\"container\" data-e-type=\"container\" data-settings=\"{&quot;jet_parallax_layout_list&quot;:[],&quot;shape_divider_top&quot;:&quot;curve&quot;}\">\n\t\t\t\t\t<div class=\"e-con-inner\">\n\t\t\t\t<div class=\"elementor-shape elementor-shape-top\" aria-hidden=\"true\" data-negative=\"false\">\n\t\t\t<svg xmlns=\"http:\/\/www.w3.org\/2000\/svg\" viewBox=\"0 0 1000 100\" preserveAspectRatio=\"none\">\n    <path class=\"elementor-shape-fill\" d=\"M1000,4.3V0H0v4.3C0.9,23.1,126.7,99.2,500,100S1000,22.7,1000,4.3z\"\/>\n<\/svg>\t\t<\/div>\n\t\t<div class=\"elementor-element elementor-element-86d3019 e-con-full e-flex e-con e-child\" data-id=\"86d3019\" data-element_type=\"container\" data-e-type=\"container\" data-settings=\"{&quot;jet_parallax_layout_list&quot;:[]}\">\n\t\t\t\t<div class=\"elementor-element elementor-element-c99428d myVideo elementor-hidden-mobile elementor-widget elementor-widget-image\" data-id=\"c99428d\" data-element_type=\"widget\" data-e-type=\"widget\" id=\"popim2\" data-widget_type=\"image.default\">\n\t\t\t\t<div class=\"elementor-widget-container\">\n\t\t\t\t\t\t\t\t\t\t\t\t\t\t\t<img decoding=\"async\" width=\"780\" height=\"505\" src=\"https:\/\/numos.cloud\/nextage-ai\/2026\/04\/NextageAI-bibliotheque-briefs-video-ia-desktop-1024x663.jpeg\" class=\"attachment-large size-large wp-image-17493\" alt=\"Nextage AI - Biblioth\u00e8que de briefs vid\u00e9o IA - 11 templates de briefs de campagne pr\u00eats \u00e0 l&#039;emploi\" srcset=\"https:\/\/numos.cloud\/nextage-ai\/2026\/04\/NextageAI-bibliotheque-briefs-video-ia-desktop-1024x663.jpeg 1024w, https:\/\/numos.cloud\/nextage-ai\/2026\/04\/NextageAI-bibliotheque-briefs-video-ia-desktop-300x194.jpeg 300w, https:\/\/numos.cloud\/nextage-ai\/2026\/04\/NextageAI-bibliotheque-briefs-video-ia-desktop-18x12.jpeg 18w, https:\/\/numos.cloud\/nextage-ai\/2026\/04\/NextageAI-bibliotheque-briefs-video-ia-desktop-1140x740.jpeg 1140w, https:\/\/numos.cloud\/nextage-ai\/2026\/04\/NextageAI-bibliotheque-briefs-video-ia-desktop.jpeg 1400w\" sizes=\"(max-width: 780px) 100vw, 780px\" \/>\t\t\t\t\t\t\t\t\t\t\t\t\t\t\t<\/div>\n\t\t\t\t<\/div>\n\t\t\t\t<div class=\"elementor-element elementor-element-18c20b7 myVideo elementor-hidden-desktop elementor-hidden-tablet elementor-widget elementor-widget-image\" data-id=\"18c20b7\" data-element_type=\"widget\" data-e-type=\"widget\" id=\"mobim\" data-widget_type=\"image.default\">\n\t\t\t\t<div class=\"elementor-widget-container\">\n\t\t\t\t\t\t\t\t\t\t\t\t\t\t\t<img decoding=\"async\" width=\"571\" height=\"1024\" src=\"https:\/\/numos.cloud\/nextage-ai\/2026\/04\/NextageAI-bibliotheque-briefs-video-ia-mobile.jpeg-571x1024.jpg\" class=\"attachment-large size-large wp-image-17512\" alt=\"Biblioth\u00e8que de briefs vid\u00e9o IA - 11 templates de briefs\" srcset=\"https:\/\/numos.cloud\/nextage-ai\/2026\/04\/NextageAI-bibliotheque-briefs-video-ia-mobile.jpeg-571x1024.jpg 571w, https:\/\/numos.cloud\/nextage-ai\/2026\/04\/NextageAI-bibliotheque-briefs-video-ia-mobile.jpeg-167x300.jpg 167w, https:\/\/numos.cloud\/nextage-ai\/2026\/04\/NextageAI-bibliotheque-briefs-video-ia-mobile.jpeg-7x12.jpg 7w, https:\/\/numos.cloud\/nextage-ai\/2026\/04\/NextageAI-bibliotheque-briefs-video-ia-mobile.jpeg-857x1536.jpg 857w, https:\/\/numos.cloud\/nextage-ai\/2026\/04\/NextageAI-bibliotheque-briefs-video-ia-mobile.jpeg.jpg 1000w\" sizes=\"(max-width: 571px) 100vw, 571px\" \/>\t\t\t\t\t\t\t\t\t\t\t\t\t\t\t<\/div>\n\t\t\t\t<\/div>\n\t\t\t\t<div class=\"elementor-element elementor-element-9042260 elementor-widget elementor-widget-html\" data-id=\"9042260\" data-element_type=\"widget\" data-e-type=\"widget\" data-widget_type=\"html.default\">\n\t\t\t\t<div class=\"elementor-widget-container\">\n\t\t\t\t\t<script>\njQuery(document).ready(function($){\n    const webinarId = 'ebook_library';\n    const formKey = `formSubmit_${webinarId}`;\n    const formSubmit = localStorage.getItem(formKey);\n    var isEN = window.location.href.indexOf('\/en_en\/') !== -1;\n    \n    if(formSubmit){\n        $('#popim2').removeAttr('style').show();\n        $('#mobim').attr('style', 'display: none !important');\n        if($(window).width() <= 767){\n            $('#popim2').attr('style', 'display: none !important');\n            $('#mobim').removeAttr('style').show();\n        }\n        $('.messageSuccess').attr('style', 'display: block');\n        $('.form-message').attr('style', 'display: none !important');\n        if(isEN){\n            $('.download-btn-en').attr('style', 'display: block');\n            $('.download-btn-fr').attr('style', 'display: none !important');\n        } else {\n            $('.download-btn-fr').attr('style', 'display: block');\n            $('.download-btn-en').attr('style', 'display: none !important');\n        }\n    } else {\n        $('#popim2').attr('style', 'display: none !important');\n        $('#mobim').attr('style', 'display: none !important');\n        $('.messageSuccess').attr('style', 'display: none !important');\n        $('.download-btn-fr').attr('style', 'display: none !important');\n        $('.download-btn-en').attr('style', 'display: none !important');\n        $('.form-message').attr('style', 'display: block');\n    }\n});\n<\/script>\t\t\t\t<\/div>\n\t\t\t\t<\/div>\n\t\t\t\t<div class=\"elementor-element elementor-element-bd0996c form-message elementor-widget elementor-widget-text-editor\" data-id=\"bd0996c\" data-element_type=\"widget\" data-e-type=\"widget\" data-widget_type=\"text-editor.default\">\n\t\t\t\t<div class=\"elementor-widget-container\">\n\t\t\t\t\t\t\t\t\t<h4 style=\"color: #f04d4c; ;margin-top: 20px;\"><br \/>\u23f0 Votre acc\u00e8s a expir\u00e9.<\/h4><p style=\"color: #f04d4c; font-size: 16px; font-weight: 500; margin-top: 20px;\">la biblioth\u00e8que reste accessible : il vous suffit simplement de <a style=\"color: #f04d4c; font-weight: 600; text-decoration: none;\" href=\"https:\/\/nextage.ai\/bibliotheque-briefs-video-ia\/\">vous r\u00e9inscrire ici<\/a> pour le d\u00e9bloquer \u00e0 nouveau.<\/p>\t\t\t\t\t\t\t\t<\/div>\n\t\t\t\t<\/div>\n\t\t\t\t<\/div>\n\t\t\t\t\t<\/div>\n\t\t\t\t<\/div>\n\t\t<div class=\"elementor-element elementor-element-4e1f2e9 e-flex e-con-boxed e-con e-parent\" data-id=\"4e1f2e9\" data-element_type=\"container\" data-e-type=\"container\" data-settings=\"{&quot;jet_parallax_layout_list&quot;:[]}\">\n\t\t\t\t\t<div class=\"e-con-inner\">\n\t\t\t\t<div class=\"elementor-element elementor-element-d127f5b elementor-position-left elementor-vertical-align-top elementor-widget elementor-widget-image-box\" data-id=\"d127f5b\" data-element_type=\"widget\" data-e-type=\"widget\" data-widget_type=\"image-box.default\">\n\t\t\t\t<div class=\"elementor-widget-container\">\n\t\t\t\t\t<div class=\"elementor-image-box-wrapper\"><figure class=\"elementor-image-box-img\"><img decoding=\"async\" width=\"200\" height=\"200\" src=\"https:\/\/numos.cloud\/nextage-ai\/2025\/10\/Nextage-JMSegati-Profil.png\" class=\"attachment-full size-full wp-image-14652\" alt=\"\" srcset=\"https:\/\/numos.cloud\/nextage-ai\/2025\/10\/Nextage-JMSegati-Profil.png 200w, https:\/\/numos.cloud\/nextage-ai\/2025\/10\/Nextage-JMSegati-Profil-150x150.png 150w, https:\/\/numos.cloud\/nextage-ai\/2025\/10\/Nextage-JMSegati-Profil-12x12.png 12w\" sizes=\"(max-width: 200px) 100vw, 200px\" \/><\/figure><div class=\"elementor-image-box-content\"><h5 class=\"elementor-image-box-title\">Compatible avec tout setup de production \u2014 ou confiez-le \u00e0 Nextage et on s'en occupe pour vous.<\/h5><p class=\"elementor-image-box-description\">Con\u00e7u par l'\u00e9quipe de production Nextage \u2014 artistes IA et directeurs cr\u00e9atifs ayant brief\u00e9, dirig\u00e9 et livr\u00e9 des centaines de vid\u00e9os de campagne dans plus de 10 industries.<\/p><\/div><\/div>\t\t\t\t<\/div>\n\t\t\t\t<\/div>\n\t\t\t\t\t<\/div>\n\t\t\t\t<\/div>\n\t\t<div class=\"elementor-element elementor-element-d77e873 e-flex e-con-boxed e-con e-parent\" data-id=\"d77e873\" data-element_type=\"container\" data-e-type=\"container\" data-settings=\"{&quot;shape_divider_top&quot;:&quot;curve&quot;,&quot;jet_parallax_layout_list&quot;:[]}\">\n\t\t\t\t\t<div class=\"e-con-inner\">\n\t\t\t\t<div class=\"elementor-shape elementor-shape-top\" aria-hidden=\"true\" data-negative=\"false\">\n\t\t\t<svg xmlns=\"http:\/\/www.w3.org\/2000\/svg\" viewBox=\"0 0 1000 100\" preserveAspectRatio=\"none\">\n    <path class=\"elementor-shape-fill\" d=\"M1000,4.3V0H0v4.3C0.9,23.1,126.7,99.2,500,100S1000,22.7,1000,4.3z\"\/>\n<\/svg>\t\t<\/div>\n\t\t\t\t<div class=\"elementor-element elementor-element-e287951 elementor-widget__width-inherit elementor-absolute elementor-widget elementor-widget-lqd-marquee\" data-id=\"e287951\" data-element_type=\"widget\" data-e-type=\"widget\" data-settings=\"{&quot;_position&quot;:&quot;absolute&quot;}\" data-widget_type=\"lqd-marquee.default\">\n\t\t\t\t<div class=\"elementor-widget-container\">\n\t\t\t\t\t\n        <div class=\"lqd-marquee-viewport relative overflow-hidden\">\n            <div class=\"lqd-marquee-slider flex relative\">\n\t\t<div class=\"lqd-marquee-cell shrink-0 grow-0 basis-auto relative elementor-repeater-item-6c90465\"><p>Nextage.ai<\/p><\/div>\n\n\t\t\n\t\t<div class=\"lqd-marquee-cell shrink-0 grow-0 basis-auto relative elementor-repeater-item-e443f21\"><p>Nextage.ai<\/p><\/div>\n\n\t\t\n\t\t<div class=\"lqd-marquee-cell shrink-0 grow-0 basis-auto relative elementor-repeater-item-ad0f3fc\"><p>Nextage.ai<\/p><\/div>\n\n\t\t<\/div>\n        <\/div>\n\n        \t\t\t\t<\/div>\n\t\t\t\t<\/div>\n\t\t<script>\n\t\twindow.liquid.behaviors.push( {\n\t\t\tdataId: \"e287951\",\n\t\t\tbehaviors:[\n\t\t\t\t{behaviorName:'liquidMarquee',options:{interactWithScroll:false,speed:-0.5}},\n\t\t\t]\n\t\t} );\n\t\t\n\t\t<\/script>\t\t<div class=\"elementor-element elementor-element-cd53e07 lqd-text-tag-h2 elementor-widget elementor-widget-lqd-text\" data-id=\"cd53e07\" data-element_type=\"widget\" data-e-type=\"widget\" data-widget_type=\"lqd-text.default\">\n\t\t\t\t<div class=\"elementor-widget-container\">\n\t\t\t\t\t<h2 class=\"lqd-text-el m-0 p-0\"><span class=\"lqd-text-item relative elementor-repeater-item-da2a8b4 block\">Besoin d'une agence cr\u00e9ative ? <\/span><span class=\"lqd-text-item relative elementor-repeater-item-c3927b7 block\">Parlons-en. <\/span><\/h2>\t\t\t\t<\/div>\n\t\t\t\t<\/div>\n\t\t\t\t<div class=\"elementor-element elementor-element-61282ca lqd-text-tag-p elementor-widget elementor-widget-lqd-text\" data-id=\"61282ca\" data-element_type=\"widget\" data-e-type=\"widget\" data-widget_type=\"lqd-text.default\" data-lqd-has-inner-animatables=\"true\">\n\t\t\t\t<div class=\"elementor-widget-container\">\n\t\t\t\t\t<p class=\"lqd-text-el m-0 p-0\" data-lqd-split-text-el=\"1\" data-lqd-split-type=\"words\"><span class=\"lqd-text-item relative elementor-repeater-item-8928fbb\"><span class=\"lqd-split-text-words inline-flex bg-inherit relative\" data-lqd-inner-animatable-el>Avec<\/span>&nbsp;<span class=\"lqd-split-text-words inline-flex bg-inherit relative\" data-lqd-inner-animatable-el>Nextage.ai<\/span>&nbsp;<span class=\"lqd-split-text-words inline-flex bg-inherit relative\" data-lqd-inner-animatable-el>\u00e0<\/span>&nbsp;<span class=\"lqd-split-text-words inline-flex bg-inherit relative\" data-lqd-inner-animatable-el>vos<\/span>&nbsp;<span class=\"lqd-split-text-words inline-flex bg-inherit relative\" data-lqd-inner-animatable-el>c\u00f4t\u00e9s,<\/span>&nbsp;<span class=\"lqd-split-text-words inline-flex bg-inherit relative\" data-lqd-inner-animatable-el><strong>r\u00e9alisez<\/span>&nbsp;<span class=\"lqd-split-text-words inline-flex bg-inherit relative\" data-lqd-inner-animatable-el>votre<\/span>&nbsp;<span class=\"lqd-split-text-words inline-flex bg-inherit relative\" data-lqd-inner-animatable-el>vision<\/span>&nbsp;<span class=\"lqd-split-text-words inline-flex bg-inherit relative\" data-lqd-inner-animatable-el>publicitaire,<\/strong><\/span>&nbsp;<span class=\"lqd-split-text-words inline-flex bg-inherit relative\" data-lqd-inner-animatable-el>\u00e9levez<\/span>&nbsp;<span class=\"lqd-split-text-words inline-flex bg-inherit relative\" data-lqd-inner-animatable-el>votre<\/span>&nbsp;<span class=\"lqd-split-text-words inline-flex bg-inherit relative\" data-lqd-inner-animatable-el>marque<\/span>&nbsp;<span class=\"lqd-split-text-words inline-flex bg-inherit relative\" data-lqd-inner-animatable-el>et<\/span>&nbsp;<span class=\"lqd-split-text-words inline-flex bg-inherit relative\" data-lqd-inner-animatable-el>augmentez<\/span>&nbsp;<span class=\"lqd-split-text-words inline-flex bg-inherit relative\" data-lqd-inner-animatable-el>vos<\/span>&nbsp;<span class=\"lqd-split-text-words inline-flex bg-inherit relative\" data-lqd-inner-animatable-el>conversions.<\/span>&nbsp;<span class=\"lqd-split-text-words inline-flex bg-inherit relative\" data-lqd-inner-animatable-el>\n\nC'est<\/span>&nbsp;<span class=\"lqd-split-text-words inline-flex bg-inherit relative\" data-lqd-inner-animatable-el>une<\/span>&nbsp;<span class=\"lqd-split-text-words inline-flex bg-inherit relative\" data-lqd-inner-animatable-el>\u00e8re<\/span>&nbsp;<span class=\"lqd-split-text-words inline-flex bg-inherit relative\" data-lqd-inner-animatable-el>nouvelle<\/span>&nbsp;<span class=\"lqd-split-text-words inline-flex bg-inherit relative\" data-lqd-inner-animatable-el>qui<\/span>&nbsp;<span class=\"lqd-split-text-words inline-flex bg-inherit relative\" data-lqd-inner-animatable-el>s'ouvre<\/span>&nbsp;<span class=\"lqd-split-text-words inline-flex bg-inherit relative\" data-lqd-inner-animatable-el>devant<\/span>&nbsp;<span class=\"lqd-split-text-words inline-flex bg-inherit relative\" data-lqd-inner-animatable-el>nous,<\/span>&nbsp;<span class=\"lqd-split-text-words inline-flex bg-inherit relative\" data-lqd-inner-animatable-el>riche<\/span>&nbsp;<span class=\"lqd-split-text-words inline-flex bg-inherit relative\" data-lqd-inner-animatable-el>de<\/span>&nbsp;<span class=\"lqd-split-text-words inline-flex bg-inherit relative\" data-lqd-inner-animatable-el>promesses<\/span>&nbsp;<span class=\"lqd-split-text-words inline-flex bg-inherit relative\" data-lqd-inner-animatable-el>et<\/span>&nbsp;<span class=\"lqd-split-text-words inline-flex bg-inherit relative\" data-lqd-inner-animatable-el>d'opportunit\u00e9s.<\/span>&nbsp;<span class=\"lqd-split-text-words inline-flex bg-inherit relative\" data-lqd-inner-animatable-el>Embarquez<\/span>&nbsp;<span class=\"lqd-split-text-words inline-flex bg-inherit relative\" data-lqd-inner-animatable-el>avec<\/span>&nbsp;<span class=\"lqd-split-text-words inline-flex bg-inherit relative\" data-lqd-inner-animatable-el>nous<\/span>&nbsp;<span class=\"lqd-split-text-words inline-flex bg-inherit relative\" data-lqd-inner-animatable-el>dans<\/span>&nbsp;<span class=\"lqd-split-text-words inline-flex bg-inherit relative\" data-lqd-inner-animatable-el>cette<\/span>&nbsp;<span class=\"lqd-split-text-words inline-flex bg-inherit relative\" data-lqd-inner-animatable-el>odyss\u00e9e<\/span>&nbsp;<span class=\"lqd-split-text-words inline-flex bg-inherit relative\" data-lqd-inner-animatable-el>cr\u00e9ative<\/span>&nbsp;<span class=\"lqd-split-text-words inline-flex bg-inherit relative\" data-lqd-inner-animatable-el>et<\/span>&nbsp;<span class=\"lqd-split-text-words inline-flex bg-inherit relative\" data-lqd-inner-animatable-el>faisons<\/span>&nbsp;<span class=\"lqd-split-text-words inline-flex bg-inherit relative\" data-lqd-inner-animatable-el>ensemble<\/span>&nbsp;<span class=\"lqd-split-text-words inline-flex bg-inherit relative\" data-lqd-inner-animatable-el>de<\/span>&nbsp;<span class=\"lqd-split-text-words inline-flex bg-inherit relative\" data-lqd-inner-animatable-el>l'extraordinaire<\/span>&nbsp;<span class=\"lqd-split-text-words inline-flex bg-inherit relative\" data-lqd-inner-animatable-el>une<\/span>&nbsp;<span class=\"lqd-split-text-words inline-flex bg-inherit relative\" data-lqd-inner-animatable-el>r\u00e9alit\u00e9<\/span>&nbsp;<span class=\"lqd-split-text-words inline-flex bg-inherit relative\" data-lqd-inner-animatable-el>quotidienne.<\/span><\/span><\/p>\t\t\t\t<\/div>\n\t\t\t\t<\/div>\n\t\t<script>\n\t\twindow.liquid.behaviors.push( {\n\t\t\tdataId: \"61282ca\",\n\t\t\tbehaviors:[\n\t\t\t\t{behaviorName:'liquidSplitText',options:{splitDoneFromBackend:true,splitType:'words'}},\n\t\t\t]\n\t\t} );\n\t\t\n\t\t<\/script>\t\t<div class=\"elementor-element elementor-element-581d59e elementor-widget elementor-widget-lqd-button\" data-id=\"581d59e\" data-element_type=\"widget\" data-e-type=\"widget\" data-widget_type=\"lqd-button.default\">\n\t\t\t\t<div class=\"elementor-widget-container\">\n\t\t\t\t\t\n\t\t<a href=\"https:\/\/Nextage.ai\/contactez-nous\/\" role=\"button\" class=\"lqd-btn inline-flex items-center relative lqd-group lqd-group-btn\" data-lqd-local-scroll-el=\"\"><span class=\"lqd-btn-txt relative z-1\">Parlons-en<\/span><\/a>\n\n\t\t\t\t\t\t<\/div>\n\t\t\t\t<\/div>\n\t\t\t\t\t<\/div>\n\t\t\t\t<\/div>\n\t\t\t\t<\/div>\n\t\t","protected":false},"excerpt":{"rendered":"<p>Briefs Vid\u00e9o IA11 Templates Gratuits Bienvenue \u00e0 bord ! Votre acc\u00e8s \u00e0 la biblioth\u00e8que est d\u00e9bloqu\u00e9 Obtenir la biblioth\u00e8que gratuite \u23f0 Votre acc\u00e8s a expir\u00e9. la biblioth\u00e8que reste accessible : il vous suffit simplement de vous r\u00e9inscrire ici pour le d\u00e9bloquer \u00e0 nouveau. Compatible avec tout setup de production \u2014 ou confiez-le \u00e0 Nextage et [&hellip;]<\/p>\n","protected":false},"author":1,"featured_media":17493,"parent":0,"menu_order":0,"comment_status":"closed","ping_status":"closed","template":"","meta":{"_acf_changed":false,"footnotes":""},"class_list":["post-17477","page","type-page","status-publish","has-post-thumbnail","hentry"],"acf":[],"_links":{"self":[{"href":"https:\/\/nextage.ai\/en_en\/wp-json\/wp\/v2\/pages\/17477","targetHints":{"allow":["GET"]}}],"collection":[{"href":"https:\/\/nextage.ai\/en_en\/wp-json\/wp\/v2\/pages"}],"about":[{"href":"https:\/\/nextage.ai\/en_en\/wp-json\/wp\/v2\/types\/page"}],"author":[{"embeddable":true,"href":"https:\/\/nextage.ai\/en_en\/wp-json\/wp\/v2\/users\/1"}],"replies":[{"embeddable":true,"href":"https:\/\/nextage.ai\/en_en\/wp-json\/wp\/v2\/comments?post=17477"}],"version-history":[{"count":58,"href":"https:\/\/nextage.ai\/en_en\/wp-json\/wp\/v2\/pages\/17477\/revisions"}],"predecessor-version":[{"id":17700,"href":"https:\/\/nextage.ai\/en_en\/wp-json\/wp\/v2\/pages\/17477\/revisions\/17700"}],"wp:featuredmedia":[{"embeddable":true,"href":"https:\/\/nextage.ai\/en_en\/wp-json\/wp\/v2\/media\/17493"}],"wp:attachment":[{"href":"https:\/\/nextage.ai\/en_en\/wp-json\/wp\/v2\/media?parent=17477"}],"curies":[{"name":"wp","href":"https:\/\/api.w.org\/{rel}","templated":true}]}}