{"id":17760,"date":"2026-04-22T11:01:36","date_gmt":"2026-04-22T09:01:36","guid":{"rendered":"https:\/\/nextage.ai\/?page_id=17760"},"modified":"2026-04-22T20:16:49","modified_gmt":"2026-04-22T18:16:49","slug":"productions-ia","status":"publish","type":"page","link":"https:\/\/nextage.ai\/en_en\/productions-ia\/","title":{"rendered":"AI Productions"},"content":{"rendered":"\t\t<div data-elementor-type=\"wp-page\" data-elementor-id=\"17760\" class=\"elementor elementor-17760\" data-elementor-post-type=\"page\">\n\t\t\t\t<div class=\"elementor-element elementor-element-f302bf5 e-con-full e-flex e-con e-parent\" data-id=\"f302bf5\" data-element_type=\"container\" data-e-type=\"container\" data-settings=\"{&quot;jet_parallax_layout_list&quot;:[]}\">\n\t\t<div class=\"elementor-element elementor-element-349007d e-flex e-con-boxed e-con e-child\" data-id=\"349007d\" data-element_type=\"container\" data-e-type=\"container\" data-settings=\"{&quot;jet_parallax_layout_list&quot;:[]}\">\n\t\t\t\t\t<div class=\"e-con-inner\">\n\t\t<div class=\"elementor-element elementor-element-0123543 e-flex e-con-boxed e-con e-child\" data-id=\"0123543\" data-element_type=\"container\" data-e-type=\"container\" data-settings=\"{&quot;jet_parallax_layout_list&quot;:[]}\">\n\t\t\t\t\t<div class=\"e-con-inner\">\n\t\t\t\t<div class=\"elementor-element elementor-element-526e10b lqd-text-tag-h1 elementor-widget__width-initial elementor-widget elementor-widget-lqd-text\" data-id=\"526e10b\" data-element_type=\"widget\" data-e-type=\"widget\" data-widget_type=\"lqd-text.default\">\n\t\t\t\t<div class=\"elementor-widget-container\">\n\t\t\t\t\t<h1 class=\"lqd-text-el m-0 p-0\"><span class=\"lqd-text-item relative elementor-repeater-item-886b41b\">Productions IA<\/span><\/h1>\t\t\t\t<\/div>\n\t\t\t\t<\/div>\n\t\t\t\t<div class=\"elementor-element elementor-element-2eb2dff elementor-widget__width-initial elementor-widget elementor-widget-text-editor\" data-id=\"2eb2dff\" data-element_type=\"widget\" data-e-type=\"widget\" data-widget_type=\"text-editor.default\">\n\t\t\t\t<div class=\"elementor-widget-container\">\n\t\t\t\t\t\t\t\t\t<p class=\"p1\">Une s\u00e9lection de productions embl\u00e9matiques r\u00e9alis\u00e9es avec l&rsquo;IA g\u00e9n\u00e9rative pour des marques ambitieuses. Chaque projet illustre notre approche : direction artistique pointue, cr\u00e9ativit\u00e9 sans compromis et collaboration \u00e9troite avec nos r\u00e9alisateurs. Un aper\u00e7u concret de ce que Nextage peut cr\u00e9er pour vos campagnes et vos contenus.<\/p>\t\t\t\t\t\t\t\t<\/div>\n\t\t\t\t<\/div>\n\t\t\t\t\t<\/div>\n\t\t\t\t<\/div>\n\t\t<script>\n\t\twindow.liquid.behaviors.push( {\n\t\t\tdataId: \"0123543\",\n\t\t\tbehaviors:[\n\t\t\t\t{behaviorName:'liquidGetElementComputedStyles',options:{includeSelf:true,getRect:true,addGhosts:true}},{behaviorName:'liquidAnimations',options:{domain:'parallax',trigger:'topParentContainer',ease:'linear',scrub:1,start:'top top',end:'bottom top',startElementOffset:0,startViewportOffset:0,endElementOffset:0,endViewportOffset:20,animations:[{elements:'self',breakpointsKeyframes:[]}]}},\n\t\t\t]\n\t\t} );\n\t\t\n\t\t<\/script>\t\t\t<\/div>\n\t\t\t\t<\/div>\n\t\t\t\t<\/div>\n\t\t<div class=\"elementor-element elementor-element-0ceecce e-con-full e-flex e-con e-parent\" data-id=\"0ceecce\" data-element_type=\"container\" data-e-type=\"container\" data-settings=\"{&quot;jet_parallax_layout_list&quot;:[],&quot;background_background&quot;:&quot;classic&quot;}\">\n\t\t\t\t<div class=\"elementor-element elementor-element-4712e64 elementor-widget elementor-widget-jet-listing-grid\" data-id=\"4712e64\" data-element_type=\"widget\" data-e-type=\"widget\" data-settings=\"{&quot;columns_tablet&quot;:&quot;2&quot;,&quot;columns_mobile&quot;:&quot;1&quot;,&quot;columns&quot;:&quot;3&quot;}\" data-widget_type=\"jet-listing-grid.default\">\n\t\t\t\t<div class=\"elementor-widget-container\">\n\t\t\t\t\t<div class=\"jet-listing-grid jet-listing-grid--lazy-load jet-listing jet-listing-grid-loading\" data-lazy-load=\"{&quot;offset&quot;:&quot;0px&quot;,&quot;post_id&quot;:17760,&quot;queried_id&quot;:&quot;17760|WP_Post&quot;}\"><div class=\"jet-listing-grid__loader\"><div class=\"jet-listing-grid__loader-spinner\"><\/div><\/div><\/div>\t\t\t\t<\/div>\n\t\t\t\t<\/div>\n\t\t\t\t<div class=\"elementor-element elementor-element-cta17cta elementor-widget elementor-widget-html\" data-id=\"cta17cta\" data-element_type=\"widget\" data-e-type=\"widget\" data-widget_type=\"html.default\">\n\t\t\t\t<div class=\"elementor-widget-container\">\n\t\t\t\t\t<style>\n#prods-cta-src { display:none; }\n.prods-cta-card {\n  min-height: 500px;\n  background: #2a2a2a;\n  border-radius: 10px;\n  display: flex;\n  flex-direction: column;\n  justify-content: center;\n  align-items: center;\n  text-decoration: none;\n  color: #fff;\n  padding: 30px;\n  transition: transform 0.25s, background 0.25s;\n  box-sizing: border-box;\n  height: 100%;\n}\n.prods-cta-card:hover { background:#3a3a3a; transform: translateY(-3px); }\n.prods-cta-card__icon {\n  width: 68px; height: 68px; border-radius: 50%;\n  background: rgba(255,255,255,0.12);\n  display: flex; align-items: center; justify-content: center;\n  margin-bottom: 20px;\n}\n.prods-cta-card__icon svg { fill:#fff; margin-left: 4px; }\n.prods-cta-card__text {\n  font-size: 22px; font-weight: 700; line-height: 1.25; text-align:center; color:#fff;\n}\n@media (max-width: 1024px) {\n  .prods-cta-card { min-height: 350px; padding: 24px; }\n  .prods-cta-card__icon { width: 56px; height: 56px; margin-bottom: 16px; }\n  .prods-cta-card__text { font-size: 18px; }\n}\n@media (max-width: 767px) {\n  .prods-cta-card { min-height: 250px; padding: 20px; }\n  .prods-cta-card__icon { width: 48px; height: 48px; margin-bottom: 12px; }\n  .prods-cta-card__text { font-size: 16px; }\n}\n<\/style>\n<div id=\"prods-cta-src\">\n  <a class=\"prods-cta-card\" href=\"https:\/\/nextage.ai\/communaute-ia\/\">\n    <span class=\"prods-cta-card__icon\"><svg width=\"28\" height=\"28\" viewBox=\"0 0 24 24\"><path d=\"M8 5v14l11-7z\"\/><\/svg><\/span>\n    <span class=\"prods-cta-card__text\">D\u00e9couvrez toutes nos r\u00e9alisations<\/span>\n  <\/a>\n<\/div>\n<script>\n(function(){\n  function inject(){\n    var src = document.getElementById('prods-cta-src');\n    if(!src) return true;\n    var grid = document.querySelector('.elementor-element-4712e64 .jet-listing-grid__items');\n    if(!grid) return false;\n    if(grid.querySelector('.prods-cta-card')) return true;\n    var firstItem = grid.querySelector('.jet-listing-grid__item');\n    if(!firstItem) return false;\n    var wrapper = document.createElement('div');\n    wrapper.className = firstItem.className + ' prods-cta-item';\n    wrapper.appendChild(src.querySelector('.prods-cta-card'));\n    grid.appendChild(wrapper);\n    return true;\n  }\n  var tries = 0;\n  var it = setInterval(function(){\n    tries++;\n    if (inject() || tries > 80) clearInterval(it);\n  }, 300);\n  document.addEventListener('jet-engine\/listing-grid\/after-lazy-load', function(){ setTimeout(inject, 80); });\n  if (window.jQuery) jQuery(document).on('jet-engine\/listing-grid\/after-lazy-load', function(){ setTimeout(inject, 80); });\n})();\n<\/script>\t\t\t\t<\/div>\n\t\t\t\t<\/div>\n\t\t\t\t<\/div>\n\t\t<div class=\"elementor-element elementor-element-d77e873 e-flex e-con-boxed e-con e-parent\" data-id=\"d77e873\" data-element_type=\"container\" data-e-type=\"container\" data-settings=\"{&quot;shape_divider_top&quot;:&quot;curve&quot;,&quot;jet_parallax_layout_list&quot;:[]}\">\n\t\t\t\t\t<div class=\"e-con-inner\">\n\t\t\t\t<div class=\"elementor-shape elementor-shape-top\" aria-hidden=\"true\" data-negative=\"false\">\n\t\t\t<svg xmlns=\"http:\/\/www.w3.org\/2000\/svg\" viewBox=\"0 0 1000 100\" preserveAspectRatio=\"none\">\n    <path class=\"elementor-shape-fill\" d=\"M1000,4.3V0H0v4.3C0.9,23.1,126.7,99.2,500,100S1000,22.7,1000,4.3z\"\/>\n<\/svg>\t\t<\/div>\n\t\t\t\t<div class=\"elementor-element elementor-element-e287951 elementor-widget__width-inherit elementor-absolute elementor-widget elementor-widget-lqd-marquee\" data-id=\"e287951\" data-element_type=\"widget\" data-e-type=\"widget\" data-settings=\"{&quot;_position&quot;:&quot;absolute&quot;}\" data-widget_type=\"lqd-marquee.default\">\n\t\t\t\t<div class=\"elementor-widget-container\">\n\t\t\t\t\t\n        <div class=\"lqd-marquee-viewport relative overflow-hidden\">\n            <div class=\"lqd-marquee-slider flex relative\">\n\t\t<div class=\"lqd-marquee-cell shrink-0 grow-0 basis-auto relative elementor-repeater-item-6c90465\"><p>Nextage.ai<\/p><\/div>\n\n\t\t\n\t\t<div class=\"lqd-marquee-cell shrink-0 grow-0 basis-auto relative elementor-repeater-item-e443f21\"><p>Nextage.ai<\/p><\/div>\n\n\t\t\n\t\t<div class=\"lqd-marquee-cell shrink-0 grow-0 basis-auto relative elementor-repeater-item-ad0f3fc\"><p>Nextage.ai<\/p><\/div>\n\n\t\t<\/div>\n        <\/div>\n\n        \t\t\t\t<\/div>\n\t\t\t\t<\/div>\n\t\t<script>\n\t\twindow.liquid.behaviors.push( {\n\t\t\tdataId: \"e287951\",\n\t\t\tbehaviors:[\n\t\t\t\t{behaviorName:'liquidMarquee',options:{interactWithScroll:false,speed:-0.5}},\n\t\t\t]\n\t\t} );\n\t\t\n\t\t<\/script>\t\t<div class=\"elementor-element elementor-element-cd53e07 elementor-widget__width-initial lqd-text-tag-h2 elementor-widget elementor-widget-lqd-text\" data-id=\"cd53e07\" data-element_type=\"widget\" data-e-type=\"widget\" data-widget_type=\"lqd-text.default\">\n\t\t\t\t<div class=\"elementor-widget-container\">\n\t\t\t\t\t<h2 class=\"lqd-text-el m-0 p-0\"><span class=\"lqd-text-item relative elementor-repeater-item-da2a8b4\">Rejoignez la r\u00e9volution cr\u00e9ative avec<\/span><span class=\"lqd-text-item relative elementor-repeater-item-c3927b7\"> Nextage.ai<\/span><\/h2>\t\t\t\t<\/div>\n\t\t\t\t<\/div>\n\t\t\t\t<div class=\"elementor-element elementor-element-61282ca lqd-text-tag-p elementor-widget__width-initial elementor-widget elementor-widget-lqd-text\" data-id=\"61282ca\" data-element_type=\"widget\" data-e-type=\"widget\" data-widget_type=\"lqd-text.default\" data-lqd-has-inner-animatables=\"true\">\n\t\t\t\t<div class=\"elementor-widget-container\">\n\t\t\t\t\t<p class=\"lqd-text-el m-0 p-0\" data-lqd-split-text-el=\"1\" data-lqd-split-type=\"words\"><span class=\"lqd-text-item relative elementor-repeater-item-8928fbb\"><span class=\"lqd-split-text-words inline-flex bg-inherit relative\" data-lqd-inner-animatable-el>Nextage.ai<\/span>&nbsp;<span class=\"lqd-split-text-words inline-flex bg-inherit relative\" data-lqd-inner-animatable-el>transforme<\/span>&nbsp;<span class=\"lqd-split-text-words inline-flex bg-inherit relative\" data-lqd-inner-animatable-el>vos<\/span>&nbsp;<span class=\"lqd-split-text-words inline-flex bg-inherit relative\" data-lqd-inner-animatable-el>id\u00e9es<\/span>&nbsp;<span class=\"lqd-split-text-words inline-flex bg-inherit relative\" data-lqd-inner-animatable-el>en<\/span>&nbsp;<span class=\"lqd-split-text-words inline-flex bg-inherit relative\" data-lqd-inner-animatable-el>productions<\/span>&nbsp;<span class=\"lqd-split-text-words inline-flex bg-inherit relative\" data-lqd-inner-animatable-el>IA<\/span>&nbsp;<span class=\"lqd-split-text-words inline-flex bg-inherit relative\" data-lqd-inner-animatable-el>qui<\/span>&nbsp;<span class=\"lqd-split-text-words inline-flex bg-inherit relative\" data-lqd-inner-animatable-el>captent<\/span>&nbsp;<span class=\"lqd-split-text-words inline-flex bg-inherit relative\" data-lqd-inner-animatable-el>l'attention<\/span>&nbsp;<span class=\"lqd-split-text-words inline-flex bg-inherit relative\" data-lqd-inner-animatable-el>et<\/span>&nbsp;<span class=\"lqd-split-text-words inline-flex bg-inherit relative\" data-lqd-inner-animatable-el>b\u00e2tissent<\/span>&nbsp;<span class=\"lqd-split-text-words inline-flex bg-inherit relative\" data-lqd-inner-animatable-el>votre<\/span>&nbsp;<span class=\"lqd-split-text-words inline-flex bg-inherit relative\" data-lqd-inner-animatable-el>marque.<\/span>&nbsp;<span class=\"lqd-split-text-words inline-flex bg-inherit relative\" data-lqd-inner-animatable-el>Parlons<\/span>&nbsp;<span class=\"lqd-split-text-words inline-flex bg-inherit relative\" data-lqd-inner-animatable-el>de<\/span>&nbsp;<span class=\"lqd-split-text-words inline-flex bg-inherit relative\" data-lqd-inner-animatable-el>votre<\/span>&nbsp;<span class=\"lqd-split-text-words inline-flex bg-inherit relative\" data-lqd-inner-animatable-el>prochaine<\/span>&nbsp;<span class=\"lqd-split-text-words inline-flex bg-inherit relative\" data-lqd-inner-animatable-el>campagne.<\/span><\/span><\/p>\t\t\t\t<\/div>\n\t\t\t\t<\/div>\n\t\t<script>\n\t\twindow.liquid.behaviors.push( {\n\t\t\tdataId: \"61282ca\",\n\t\t\tbehaviors:[\n\t\t\t\t{behaviorName:'liquidSplitText',options:{splitDoneFromBackend:true,splitType:'words'}},\n\t\t\t]\n\t\t} );\n\t\t\n\t\t<\/script>\t\t<div class=\"elementor-element elementor-element-581d59e elementor-widget elementor-widget-lqd-button\" data-id=\"581d59e\" data-element_type=\"widget\" data-e-type=\"widget\" data-widget_type=\"lqd-button.default\">\n\t\t\t\t<div class=\"elementor-widget-container\">\n\t\t\t\t\t\n\t\t<a href=\"https:\/\/Nextage.ai\/contactez-nous\/\" role=\"button\" class=\"lqd-btn inline-flex items-center relative lqd-group lqd-group-btn\" data-lqd-local-scroll-el=\"\"><span class=\"lqd-btn-txt relative z-1\">Parlons-en<\/span><\/a>\n\n\t\t\t\t\t\t<\/div>\n\t\t\t\t<\/div>\n\t\t\t\t\t<\/div>\n\t\t\t\t<\/div>\n\t\t<style>.elementor-element-d77e873 .elementor-repeater-item-a75de07-d77e873{background-color:radial-gradient(circle farthest-side at 50% 0%, #A9D9FA7C  0%,#FFFFFE00  100%)}<\/style>\t\t<\/div>\n\t\t","protected":false},"excerpt":{"rendered":"<p>Productions IA Une s\u00e9lection de productions embl\u00e9matiques r\u00e9alis\u00e9es avec l&rsquo;IA g\u00e9n\u00e9rative pour des marques ambitieuses. Chaque projet illustre notre approche : direction artistique pointue, cr\u00e9ativit\u00e9 sans compromis et collaboration \u00e9troite avec nos r\u00e9alisateurs. Un aper\u00e7u concret de ce que Nextage peut cr\u00e9er pour vos campagnes et vos contenus. D\u00e9couvrez toutes nos r\u00e9alisations Nextage.ai Nextage.ai Nextage.ai [&hellip;]<\/p>\n","protected":false},"author":1,"featured_media":0,"parent":0,"menu_order":0,"comment_status":"closed","ping_status":"closed","template":"","meta":{"_acf_changed":false,"footnotes":""},"class_list":["post-17760","page","type-page","status-publish","hentry"],"acf":[],"_links":{"self":[{"href":"https:\/\/nextage.ai\/en_en\/wp-json\/wp\/v2\/pages\/17760","targetHints":{"allow":["GET"]}}],"collection":[{"href":"https:\/\/nextage.ai\/en_en\/wp-json\/wp\/v2\/pages"}],"about":[{"href":"https:\/\/nextage.ai\/en_en\/wp-json\/wp\/v2\/types\/page"}],"author":[{"embeddable":true,"href":"https:\/\/nextage.ai\/en_en\/wp-json\/wp\/v2\/users\/1"}],"replies":[{"embeddable":true,"href":"https:\/\/nextage.ai\/en_en\/wp-json\/wp\/v2\/comments?post=17760"}],"version-history":[{"count":70,"href":"https:\/\/nextage.ai\/en_en\/wp-json\/wp\/v2\/pages\/17760\/revisions"}],"predecessor-version":[{"id":17890,"href":"https:\/\/nextage.ai\/en_en\/wp-json\/wp\/v2\/pages\/17760\/revisions\/17890"}],"wp:attachment":[{"href":"https:\/\/nextage.ai\/en_en\/wp-json\/wp\/v2\/media?parent=17760"}],"curies":[{"name":"wp","href":"https:\/\/api.w.org\/{rel}","templated":true}]}}